{"id":195,"date":"2018-11-25T12:40:29","date_gmt":"2018-11-25T18:40:29","guid":{"rendered":"http:\/\/jupv.org\/?page_id=195"},"modified":"2025-08-12T22:50:45","modified_gmt":"2025-08-13T03:50:45","slug":"objetivo","status":"publish","type":"page","link":"https:\/\/jupv.org\/?page_id=195","title":{"rendered":"OBJETIVO"},"content":{"rendered":"\t\t<div data-elementor-type=\"wp-page\" data-elementor-id=\"195\" class=\"elementor elementor-195\">\n\t\t\t\t\t\t<section class=\"elementor-section elementor-top-section elementor-element elementor-element-42a3375 elementor-section-boxed elementor-section-height-default elementor-section-height-default\" data-id=\"42a3375\" data-element_type=\"section\" data-e-type=\"section\">\n\t\t\t\t\t\t<div class=\"elementor-container elementor-column-gap-default\">\n\t\t\t\t\t<div class=\"elementor-column elementor-col-100 elementor-top-column elementor-element elementor-element-574d3046\" data-id=\"574d3046\" data-element_type=\"column\" data-e-type=\"column\">\n\t\t\t<div class=\"elementor-widget-wrap elementor-element-populated\">\n\t\t\t\t\t\t<div class=\"elementor-element elementor-element-763aace1 elementor-widget elementor-widget-text-editor\" data-id=\"763aace1\" data-element_type=\"widget\" data-e-type=\"widget\" data-widget_type=\"text-editor.default\">\n\t\t\t\t<div class=\"elementor-widget-container\">\n\t\t\t\t\t\t\t\t\t<h1 style=\"text-align: center;\">Objetivo JUPV<\/h1><p><strong>OBJETIVO GENERAL<\/strong><\/p><p>Forjar j\u00f3venes lideres preparados para ser agentes de cambio y contribuir en la mejora y progreso de Veracruz con una fuerte base moral, de comunidad y conciencia ecol\u00f3gica.<\/p><p><strong>OBJETIVOS ESPEC\u00cdFICOS<\/strong><\/p><ul><li>Capacitar a los j\u00f3venes veracruzanos gener\u00e1ndoles nuevas competencias \u00e9ticas, tecnol\u00f3gicas y sociales para mejorar su entorno.<\/li><li>Realizar actividades asistenciales para despertar en los j\u00f3venes el inter\u00e9s de apoyar a las personas en situaci\u00f3n vulnerable.<\/li><li>Fomentar en los j\u00f3venes el inter\u00e9s por su cultura, realizando actividades culturales para que conozcan sus ra\u00edces y sean parte de su rescate y difusi\u00f3n.<\/li><li>Cuidar el medio ambiente realizando campa\u00f1as de reforestaci\u00f3n, reciclaje, limpieza de playas, islas y humedales a m\u00e1s de crear proyectos que generen un impacto positivo en la lucha contra el calentamiento global.<\/li><\/ul><p style=\"text-align: center;\"><img fetchpriority=\"high\" decoding=\"async\" class=\"wp-image-215 aligncenter\" src=\"https:\/\/jupv.org\/wp-content\/uploads\/2018\/11\/objFOTO-300x151.jpg\" alt=\"\" width=\"513\" height=\"258\" srcset=\"https:\/\/jupv.org\/wp-content\/uploads\/2018\/11\/objFOTO-300x151.jpg 300w, https:\/\/jupv.org\/wp-content\/uploads\/2018\/11\/objFOTO-416x209.jpg 416w, https:\/\/jupv.org\/wp-content\/uploads\/2018\/11\/objFOTO-768x386.jpg 768w, https:\/\/jupv.org\/wp-content\/uploads\/2018\/11\/objFOTO-1024x515.jpg 1024w, https:\/\/jupv.org\/wp-content\/uploads\/2018\/11\/objFOTO.jpg 1582w\" sizes=\"(max-width: 513px) 100vw, 513px\" \/><\/p><p style=\"text-align: center;\"><a class=\"fasc-button fasc-size-xlarge fasc-type-glossy fasc-rounded-medium fasc-ico-before dashicons-universal-access\" style=\"background-color: #33809e; color: #ffffff;\" href=\"https:\/\/jupv.org\/?page_id=184\">Misi\u00f3n<\/a>\u00a0 \u00a0 \u00a0\u00a0\u00a0\u00a0<a class=\"fasc-button fasc-size-xlarge fasc-type-glossy fasc-rounded-medium fasc-ico-before dashicons-visibility\" style=\"background-color: #33809e; color: #ffffff;\" href=\"https:\/\/jupv.org\/?page_id=192\">Visi\u00f3n<\/a>\u00a0 \u00a0\u00a0\u00a0 \u00a0\u00a0<a class=\"fasc-button fasc-size-xlarge fasc-type-glossy fasc-rounded-medium fasc-ico-before dashicons-star-filled\" style=\"background-color: #33809e; color: #ffffff;\" href=\"https:\/\/jupv.org\/?page_id=198\">Valores<\/a><\/p><p style=\"text-align: center;\">\u00a0<\/p>\t\t\t\t\t\t\t\t<\/div>\n\t\t\t\t<\/div>\n\t\t\t\t\t<\/div>\n\t\t<\/div>\n\t\t\t\t\t<\/div>\n\t\t<\/section>\n\t\t\t\t<\/div>\n\t\t","protected":false},"excerpt":{"rendered":"<p>Objetivo JUPV OBJETIVO GENERAL Forjar j\u00f3venes lideres preparados para ser agentes de cambio y contribuir en la mejora y progreso de Veracruz con una fuerte base moral, de comunidad y conciencia ecol\u00f3gica. OBJETIVOS ESPEC\u00cdFICOS Capacitar a los j\u00f3venes veracruzanos gener\u00e1ndoles [&hellip;]<\/p>\n","protected":false},"author":1,"featured_media":0,"parent":0,"menu_order":0,"comment_status":"closed","ping_status":"closed","template":"","meta":{"footnotes":""},"class_list":["post-195","page","type-page","status-publish","hentry"],"yoast_head":"<!-- This site is optimized with the Yoast SEO plugin v27.4 - https:\/\/yoast.com\/product\/yoast-seo-wordpress\/ -->\n<title>OBJETIVO - jupv aprender para ser mejores a.c.<\/title>\n<meta name=\"robots\" content=\"index, follow, max-snippet:-1, max-image-preview:large, max-video-preview:-1\" \/>\n<link rel=\"canonical\" href=\"https:\/\/jupv.org\/?page_id=195\" \/>\n<meta property=\"og:locale\" content=\"es_MX\" \/>\n<meta property=\"og:type\" content=\"article\" \/>\n<meta property=\"og:title\" content=\"OBJETIVO - jupv aprender para ser mejores a.c.\" \/>\n<meta property=\"og:description\" content=\"Objetivo JUPV OBJETIVO GENERAL Forjar j\u00f3venes lideres preparados para ser agentes de cambio y contribuir en la mejora y progreso de Veracruz con una fuerte base moral, de comunidad y conciencia ecol\u00f3gica. OBJETIVOS ESPEC\u00cdFICOS Capacitar a los j\u00f3venes veracruzanos gener\u00e1ndoles [&hellip;]\" \/>\n<meta property=\"og:url\" content=\"https:\/\/jupv.org\/?page_id=195\" \/>\n<meta property=\"og:site_name\" content=\"jupv aprender para ser mejores a.c.\" \/>\n<meta property=\"article:publisher\" content=\"https:\/\/www.facebook.com\/jupv.ac\" \/>\n<meta property=\"article:modified_time\" content=\"2025-08-13T03:50:45+00:00\" \/>\n<meta property=\"og:image\" content=\"https:\/\/jupv.org\/wp-content\/uploads\/2018\/11\/objFOTO.jpg\" \/>\n\t<meta property=\"og:image:width\" content=\"1582\" \/>\n\t<meta property=\"og:image:height\" content=\"795\" \/>\n\t<meta property=\"og:image:type\" content=\"image\/jpeg\" \/>\n<meta name=\"twitter:card\" content=\"summary_large_image\" \/>\n<meta name=\"twitter:site\" content=\"@jupv_AC\" \/>\n<meta name=\"twitter:label1\" content=\"Tiempo de lectura\" \/>\n\t<meta name=\"twitter:data1\" content=\"1 minuto\" \/>\n<script type=\"application\/ld+json\" class=\"yoast-schema-graph\">{\"@context\":\"https:\\\/\\\/schema.org\",\"@graph\":[{\"@type\":\"WebPage\",\"@id\":\"https:\\\/\\\/jupv.org\\\/?page_id=195\",\"url\":\"https:\\\/\\\/jupv.org\\\/?page_id=195\",\"name\":\"OBJETIVO - jupv aprender para ser mejores a.c.\",\"isPartOf\":{\"@id\":\"https:\\\/\\\/jupv.org\\\/#website\"},\"primaryImageOfPage\":{\"@id\":\"https:\\\/\\\/jupv.org\\\/?page_id=195#primaryimage\"},\"image\":{\"@id\":\"https:\\\/\\\/jupv.org\\\/?page_id=195#primaryimage\"},\"thumbnailUrl\":\"https:\\\/\\\/jupv.org\\\/wp-content\\\/uploads\\\/2018\\\/11\\\/objFOTO-300x151.jpg\",\"datePublished\":\"2018-11-25T18:40:29+00:00\",\"dateModified\":\"2025-08-13T03:50:45+00:00\",\"breadcrumb\":{\"@id\":\"https:\\\/\\\/jupv.org\\\/?page_id=195#breadcrumb\"},\"inLanguage\":\"es\",\"potentialAction\":[{\"@type\":\"ReadAction\",\"target\":[\"https:\\\/\\\/jupv.org\\\/?page_id=195\"]}]},{\"@type\":\"ImageObject\",\"inLanguage\":\"es\",\"@id\":\"https:\\\/\\\/jupv.org\\\/?page_id=195#primaryimage\",\"url\":\"https:\\\/\\\/jupv.org\\\/wp-content\\\/uploads\\\/2018\\\/11\\\/objFOTO.jpg\",\"contentUrl\":\"https:\\\/\\\/jupv.org\\\/wp-content\\\/uploads\\\/2018\\\/11\\\/objFOTO.jpg\",\"width\":1582,\"height\":795},{\"@type\":\"BreadcrumbList\",\"@id\":\"https:\\\/\\\/jupv.org\\\/?page_id=195#breadcrumb\",\"itemListElement\":[{\"@type\":\"ListItem\",\"position\":1,\"name\":\"Inicio\",\"item\":\"https:\\\/\\\/jupv.org\\\/\"},{\"@type\":\"ListItem\",\"position\":2,\"name\":\"OBJETIVO\"}]},{\"@type\":\"WebSite\",\"@id\":\"https:\\\/\\\/jupv.org\\\/#website\",\"url\":\"https:\\\/\\\/jupv.org\\\/\",\"name\":\"jupv aprender para ser mejores a.c.\",\"description\":\"Empoderando responsablemente a la juventud veracruzana\",\"publisher\":{\"@id\":\"https:\\\/\\\/jupv.org\\\/#organization\"},\"potentialAction\":[{\"@type\":\"SearchAction\",\"target\":{\"@type\":\"EntryPoint\",\"urlTemplate\":\"https:\\\/\\\/jupv.org\\\/?s={search_term_string}\"},\"query-input\":{\"@type\":\"PropertyValueSpecification\",\"valueRequired\":true,\"valueName\":\"search_term_string\"}}],\"inLanguage\":\"es\"},{\"@type\":\"Organization\",\"@id\":\"https:\\\/\\\/jupv.org\\\/#organization\",\"name\":\"JUPV APRENDER PARA SER MEJORES A.C.\",\"url\":\"https:\\\/\\\/jupv.org\\\/\",\"logo\":{\"@type\":\"ImageObject\",\"inLanguage\":\"es\",\"@id\":\"https:\\\/\\\/jupv.org\\\/#\\\/schema\\\/logo\\\/image\\\/\",\"url\":\"https:\\\/\\\/jupv.org\\\/wp-content\\\/uploads\\\/2018\\\/11\\\/logoJUPV7-1.png\",\"contentUrl\":\"https:\\\/\\\/jupv.org\\\/wp-content\\\/uploads\\\/2018\\\/11\\\/logoJUPV7-1.png\",\"width\":635,\"height\":599,\"caption\":\"JUPV APRENDER PARA SER MEJORES A.C.\"},\"image\":{\"@id\":\"https:\\\/\\\/jupv.org\\\/#\\\/schema\\\/logo\\\/image\\\/\"},\"sameAs\":[\"https:\\\/\\\/www.facebook.com\\\/jupv.ac\",\"https:\\\/\\\/x.com\\\/jupv_AC\",\"https:\\\/\\\/www.instagram.com\\\/jupv_ac\",\"https:\\\/\\\/www.youtube.com\\\/channel\\\/UC_vCBoKgn8ZbkP5mw-kfvlQ\"]}]}<\/script>\n<!-- \/ Yoast SEO plugin. -->","yoast_head_json":{"title":"OBJETIVO - jupv aprender para ser mejores a.c.","robots":{"index":"index","follow":"follow","max-snippet":"max-snippet:-1","max-image-preview":"max-image-preview:large","max-video-preview":"max-video-preview:-1"},"canonical":"https:\/\/jupv.org\/?page_id=195","og_locale":"es_MX","og_type":"article","og_title":"OBJETIVO - jupv aprender para ser mejores a.c.","og_description":"Objetivo JUPV OBJETIVO GENERAL Forjar j\u00f3venes lideres preparados para ser agentes de cambio y contribuir en la mejora y progreso de Veracruz con una fuerte base moral, de comunidad y conciencia ecol\u00f3gica. OBJETIVOS ESPEC\u00cdFICOS Capacitar a los j\u00f3venes veracruzanos gener\u00e1ndoles [&hellip;]","og_url":"https:\/\/jupv.org\/?page_id=195","og_site_name":"jupv aprender para ser mejores a.c.","article_publisher":"https:\/\/www.facebook.com\/jupv.ac","article_modified_time":"2025-08-13T03:50:45+00:00","og_image":[{"width":1582,"height":795,"url":"https:\/\/jupv.org\/wp-content\/uploads\/2018\/11\/objFOTO.jpg","type":"image\/jpeg"}],"twitter_card":"summary_large_image","twitter_site":"@jupv_AC","twitter_misc":{"Tiempo de lectura":"1 minuto"},"schema":{"@context":"https:\/\/schema.org","@graph":[{"@type":"WebPage","@id":"https:\/\/jupv.org\/?page_id=195","url":"https:\/\/jupv.org\/?page_id=195","name":"OBJETIVO - jupv aprender para ser mejores a.c.","isPartOf":{"@id":"https:\/\/jupv.org\/#website"},"primaryImageOfPage":{"@id":"https:\/\/jupv.org\/?page_id=195#primaryimage"},"image":{"@id":"https:\/\/jupv.org\/?page_id=195#primaryimage"},"thumbnailUrl":"https:\/\/jupv.org\/wp-content\/uploads\/2018\/11\/objFOTO-300x151.jpg","datePublished":"2018-11-25T18:40:29+00:00","dateModified":"2025-08-13T03:50:45+00:00","breadcrumb":{"@id":"https:\/\/jupv.org\/?page_id=195#breadcrumb"},"inLanguage":"es","potentialAction":[{"@type":"ReadAction","target":["https:\/\/jupv.org\/?page_id=195"]}]},{"@type":"ImageObject","inLanguage":"es","@id":"https:\/\/jupv.org\/?page_id=195#primaryimage","url":"https:\/\/jupv.org\/wp-content\/uploads\/2018\/11\/objFOTO.jpg","contentUrl":"https:\/\/jupv.org\/wp-content\/uploads\/2018\/11\/objFOTO.jpg","width":1582,"height":795},{"@type":"BreadcrumbList","@id":"https:\/\/jupv.org\/?page_id=195#breadcrumb","itemListElement":[{"@type":"ListItem","position":1,"name":"Inicio","item":"https:\/\/jupv.org\/"},{"@type":"ListItem","position":2,"name":"OBJETIVO"}]},{"@type":"WebSite","@id":"https:\/\/jupv.org\/#website","url":"https:\/\/jupv.org\/","name":"jupv aprender para ser mejores a.c.","description":"Empoderando responsablemente a la juventud veracruzana","publisher":{"@id":"https:\/\/jupv.org\/#organization"},"potentialAction":[{"@type":"SearchAction","target":{"@type":"EntryPoint","urlTemplate":"https:\/\/jupv.org\/?s={search_term_string}"},"query-input":{"@type":"PropertyValueSpecification","valueRequired":true,"valueName":"search_term_string"}}],"inLanguage":"es"},{"@type":"Organization","@id":"https:\/\/jupv.org\/#organization","name":"JUPV APRENDER PARA SER MEJORES A.C.","url":"https:\/\/jupv.org\/","logo":{"@type":"ImageObject","inLanguage":"es","@id":"https:\/\/jupv.org\/#\/schema\/logo\/image\/","url":"https:\/\/jupv.org\/wp-content\/uploads\/2018\/11\/logoJUPV7-1.png","contentUrl":"https:\/\/jupv.org\/wp-content\/uploads\/2018\/11\/logoJUPV7-1.png","width":635,"height":599,"caption":"JUPV APRENDER PARA SER MEJORES A.C."},"image":{"@id":"https:\/\/jupv.org\/#\/schema\/logo\/image\/"},"sameAs":["https:\/\/www.facebook.com\/jupv.ac","https:\/\/x.com\/jupv_AC","https:\/\/www.instagram.com\/jupv_ac","https:\/\/www.youtube.com\/channel\/UC_vCBoKgn8ZbkP5mw-kfvlQ"]}]}},"_links":{"self":[{"href":"https:\/\/jupv.org\/index.php?rest_route=\/wp\/v2\/pages\/195","targetHints":{"allow":["GET"]}}],"collection":[{"href":"https:\/\/jupv.org\/index.php?rest_route=\/wp\/v2\/pages"}],"about":[{"href":"https:\/\/jupv.org\/index.php?rest_route=\/wp\/v2\/types\/page"}],"author":[{"embeddable":true,"href":"https:\/\/jupv.org\/index.php?rest_route=\/wp\/v2\/users\/1"}],"replies":[{"embeddable":true,"href":"https:\/\/jupv.org\/index.php?rest_route=%2Fwp%2Fv2%2Fcomments&post=195"}],"version-history":[{"count":6,"href":"https:\/\/jupv.org\/index.php?rest_route=\/wp\/v2\/pages\/195\/revisions"}],"predecessor-version":[{"id":1332,"href":"https:\/\/jupv.org\/index.php?rest_route=\/wp\/v2\/pages\/195\/revisions\/1332"}],"wp:attachment":[{"href":"https:\/\/jupv.org\/index.php?rest_route=%2Fwp%2Fv2%2Fmedia&parent=195"}],"curies":[{"name":"wp","href":"https:\/\/api.w.org\/{rel}","templated":true}]}}