{"id":184,"date":"2018-11-25T12:26:00","date_gmt":"2018-11-25T18:26:00","guid":{"rendered":"http:\/\/jupv.org\/?page_id=184"},"modified":"2025-08-12T22:56:45","modified_gmt":"2025-08-13T03:56:45","slug":"mision","status":"publish","type":"page","link":"https:\/\/jupv.org\/?page_id=184","title":{"rendered":"MISI\u00d3N"},"content":{"rendered":"\t\t<div data-elementor-type=\"wp-page\" data-elementor-id=\"184\" class=\"elementor elementor-184\">\n\t\t\t\t\t\t<section class=\"elementor-section elementor-top-section elementor-element elementor-element-7d42269d elementor-section-boxed elementor-section-height-default elementor-section-height-default\" data-id=\"7d42269d\" data-element_type=\"section\" data-e-type=\"section\">\n\t\t\t\t\t\t<div class=\"elementor-container elementor-column-gap-default\">\n\t\t\t\t\t<div class=\"elementor-column elementor-col-100 elementor-top-column elementor-element elementor-element-1efa398a\" data-id=\"1efa398a\" data-element_type=\"column\" data-e-type=\"column\">\n\t\t\t<div class=\"elementor-widget-wrap elementor-element-populated\">\n\t\t\t\t\t\t<div class=\"elementor-element elementor-element-52aa3b01 elementor-widget elementor-widget-text-editor\" data-id=\"52aa3b01\" data-element_type=\"widget\" data-e-type=\"widget\" data-widget_type=\"text-editor.default\">\n\t\t\t\t<div class=\"elementor-widget-container\">\n\t\t\t\t\t\t\t\t\t<h1 style=\"text-align: center;\"><strong>Misi\u00f3n JUPV<\/strong><\/h1><p style=\"text-align: center;\">Formar j\u00f3venes lideres responsable,<\/p><p style=\"text-align: center;\">proactivos y comprometidos<\/p><p style=\"text-align: center;\">en la mejora de su entorno.<\/p><p>\u00a0 \u00a0 \u00a0 \u00a0 \u00a0 \u00a0 \u00a0 \u00a0 \u00a0 \u00a0 \u00a0 \u00a0 \u00a0 \u00a0 \u00a0 \u00a0 \u00a0 \u00a0 \u00a0 \u00a0 \u00a0 \u00a0 \u00a0 \u00a0 \u00a0 \u00a0 \u00a0 \u00a0\u00a0<img fetchpriority=\"high\" decoding=\"async\" class=\"wp-image-185 \" src=\"https:\/\/jupv.org\/wp-content\/uploads\/2018\/11\/VISIONFOTO-300x209.jpg\" alt=\"\" width=\"446\" height=\"311\" srcset=\"https:\/\/jupv.org\/wp-content\/uploads\/2018\/11\/VISIONFOTO-300x209.jpg 300w, https:\/\/jupv.org\/wp-content\/uploads\/2018\/11\/VISIONFOTO-416x290.jpg 416w, https:\/\/jupv.org\/wp-content\/uploads\/2018\/11\/VISIONFOTO-768x535.jpg 768w, https:\/\/jupv.org\/wp-content\/uploads\/2018\/11\/VISIONFOTO-1024x714.jpg 1024w, https:\/\/jupv.org\/wp-content\/uploads\/2018\/11\/VISIONFOTO.jpg 1257w\" sizes=\"(max-width: 446px) 100vw, 446px\" \/>\u00a0<\/p><p style=\"text-align: center;\"><a class=\"fasc-button fasc-size-xlarge fasc-type-glossy fasc-rounded-medium fasc-ico-before dashicons-visibility\" style=\"background-color: #33809e; color: #ffffff;\" href=\"https:\/\/jupv.org\/?page_id=192\">Visi\u00f3n<\/a>\u00a0 \u00a0\u00a0<a class=\"fasc-button fasc-size-xlarge fasc-type-glossy fasc-rounded-medium fasc-ico-before dashicons-admin-tools\" style=\"background-color: #33809e; color: #ffffff;\" href=\"https:\/\/jupv.org\/?page_id=195\">Objetivo<\/a>\u00a0 \u00a0\u00a0<a class=\"fasc-button fasc-size-xlarge fasc-type-glossy fasc-rounded-medium fasc-ico-before dashicons-star-filled\" style=\"background-color: #33809e; color: #ffffff;\" href=\"https:\/\/jupv.org\/?page_id=198\">Valores<\/a><\/p>\t\t\t\t\t\t\t\t<\/div>\n\t\t\t\t<\/div>\n\t\t\t\t\t<\/div>\n\t\t<\/div>\n\t\t\t\t\t<\/div>\n\t\t<\/section>\n\t\t\t\t<\/div>\n\t\t","protected":false},"excerpt":{"rendered":"<p>Misi\u00f3n JUPV Formar j\u00f3venes lideres responsable, proactivos y comprometidos en la mejora de su entorno. \u00a0 \u00a0 \u00a0 \u00a0 \u00a0 \u00a0 \u00a0 \u00a0 \u00a0 \u00a0 \u00a0 \u00a0 \u00a0 \u00a0 \u00a0 \u00a0 \u00a0 \u00a0 \u00a0 \u00a0 \u00a0 \u00a0 \u00a0 \u00a0 \u00a0 [&hellip;]<\/p>\n","protected":false},"author":1,"featured_media":0,"parent":0,"menu_order":0,"comment_status":"closed","ping_status":"closed","template":"","meta":{"footnotes":""},"class_list":["post-184","page","type-page","status-publish","hentry"],"yoast_head":"<!-- This site is optimized with the Yoast SEO plugin v27.4 - https:\/\/yoast.com\/product\/yoast-seo-wordpress\/ -->\n<title>MISI\u00d3N - jupv aprender para ser mejores a.c.<\/title>\n<meta name=\"robots\" content=\"index, follow, max-snippet:-1, max-image-preview:large, max-video-preview:-1\" \/>\n<link rel=\"canonical\" href=\"https:\/\/jupv.org\/?page_id=184\" \/>\n<meta property=\"og:locale\" content=\"es_MX\" \/>\n<meta property=\"og:type\" content=\"article\" \/>\n<meta property=\"og:title\" content=\"MISI\u00d3N - jupv aprender para ser mejores a.c.\" \/>\n<meta property=\"og:description\" content=\"Misi\u00f3n JUPV Formar j\u00f3venes lideres responsable, proactivos y comprometidos en la mejora de su entorno. \u00a0 \u00a0 \u00a0 \u00a0 \u00a0 \u00a0 \u00a0 \u00a0 \u00a0 \u00a0 \u00a0 \u00a0 \u00a0 \u00a0 \u00a0 \u00a0 \u00a0 \u00a0 \u00a0 \u00a0 \u00a0 \u00a0 \u00a0 \u00a0 \u00a0 [&hellip;]\" \/>\n<meta property=\"og:url\" content=\"https:\/\/jupv.org\/?page_id=184\" \/>\n<meta property=\"og:site_name\" content=\"jupv aprender para ser mejores a.c.\" \/>\n<meta property=\"article:publisher\" content=\"https:\/\/www.facebook.com\/jupv.ac\" \/>\n<meta property=\"article:modified_time\" content=\"2025-08-13T03:56:45+00:00\" \/>\n<meta property=\"og:image\" content=\"https:\/\/jupv.org\/wp-content\/uploads\/2018\/11\/VISIONFOTO.jpg\" \/>\n\t<meta property=\"og:image:width\" content=\"1257\" \/>\n\t<meta property=\"og:image:height\" content=\"876\" \/>\n\t<meta property=\"og:image:type\" content=\"image\/jpeg\" \/>\n<meta name=\"twitter:card\" content=\"summary_large_image\" \/>\n<meta name=\"twitter:site\" content=\"@jupv_AC\" \/>\n<script type=\"application\/ld+json\" class=\"yoast-schema-graph\">{\"@context\":\"https:\\\/\\\/schema.org\",\"@graph\":[{\"@type\":\"WebPage\",\"@id\":\"https:\\\/\\\/jupv.org\\\/?page_id=184\",\"url\":\"https:\\\/\\\/jupv.org\\\/?page_id=184\",\"name\":\"MISI\u00d3N - jupv aprender para ser mejores a.c.\",\"isPartOf\":{\"@id\":\"https:\\\/\\\/jupv.org\\\/#website\"},\"primaryImageOfPage\":{\"@id\":\"https:\\\/\\\/jupv.org\\\/?page_id=184#primaryimage\"},\"image\":{\"@id\":\"https:\\\/\\\/jupv.org\\\/?page_id=184#primaryimage\"},\"thumbnailUrl\":\"https:\\\/\\\/jupv.org\\\/wp-content\\\/uploads\\\/2018\\\/11\\\/VISIONFOTO-300x209.jpg\",\"datePublished\":\"2018-11-25T18:26:00+00:00\",\"dateModified\":\"2025-08-13T03:56:45+00:00\",\"breadcrumb\":{\"@id\":\"https:\\\/\\\/jupv.org\\\/?page_id=184#breadcrumb\"},\"inLanguage\":\"es\",\"potentialAction\":[{\"@type\":\"ReadAction\",\"target\":[\"https:\\\/\\\/jupv.org\\\/?page_id=184\"]}]},{\"@type\":\"ImageObject\",\"inLanguage\":\"es\",\"@id\":\"https:\\\/\\\/jupv.org\\\/?page_id=184#primaryimage\",\"url\":\"https:\\\/\\\/jupv.org\\\/wp-content\\\/uploads\\\/2018\\\/11\\\/VISIONFOTO.jpg\",\"contentUrl\":\"https:\\\/\\\/jupv.org\\\/wp-content\\\/uploads\\\/2018\\\/11\\\/VISIONFOTO.jpg\",\"width\":1257,\"height\":876},{\"@type\":\"BreadcrumbList\",\"@id\":\"https:\\\/\\\/jupv.org\\\/?page_id=184#breadcrumb\",\"itemListElement\":[{\"@type\":\"ListItem\",\"position\":1,\"name\":\"Inicio\",\"item\":\"https:\\\/\\\/jupv.org\\\/\"},{\"@type\":\"ListItem\",\"position\":2,\"name\":\"MISI\u00d3N\"}]},{\"@type\":\"WebSite\",\"@id\":\"https:\\\/\\\/jupv.org\\\/#website\",\"url\":\"https:\\\/\\\/jupv.org\\\/\",\"name\":\"jupv aprender para ser mejores a.c.\",\"description\":\"Empoderando responsablemente a la juventud veracruzana\",\"publisher\":{\"@id\":\"https:\\\/\\\/jupv.org\\\/#organization\"},\"potentialAction\":[{\"@type\":\"SearchAction\",\"target\":{\"@type\":\"EntryPoint\",\"urlTemplate\":\"https:\\\/\\\/jupv.org\\\/?s={search_term_string}\"},\"query-input\":{\"@type\":\"PropertyValueSpecification\",\"valueRequired\":true,\"valueName\":\"search_term_string\"}}],\"inLanguage\":\"es\"},{\"@type\":\"Organization\",\"@id\":\"https:\\\/\\\/jupv.org\\\/#organization\",\"name\":\"JUPV APRENDER PARA SER MEJORES A.C.\",\"url\":\"https:\\\/\\\/jupv.org\\\/\",\"logo\":{\"@type\":\"ImageObject\",\"inLanguage\":\"es\",\"@id\":\"https:\\\/\\\/jupv.org\\\/#\\\/schema\\\/logo\\\/image\\\/\",\"url\":\"https:\\\/\\\/jupv.org\\\/wp-content\\\/uploads\\\/2018\\\/11\\\/logoJUPV7-1.png\",\"contentUrl\":\"https:\\\/\\\/jupv.org\\\/wp-content\\\/uploads\\\/2018\\\/11\\\/logoJUPV7-1.png\",\"width\":635,\"height\":599,\"caption\":\"JUPV APRENDER PARA SER MEJORES A.C.\"},\"image\":{\"@id\":\"https:\\\/\\\/jupv.org\\\/#\\\/schema\\\/logo\\\/image\\\/\"},\"sameAs\":[\"https:\\\/\\\/www.facebook.com\\\/jupv.ac\",\"https:\\\/\\\/x.com\\\/jupv_AC\",\"https:\\\/\\\/www.instagram.com\\\/jupv_ac\",\"https:\\\/\\\/www.youtube.com\\\/channel\\\/UC_vCBoKgn8ZbkP5mw-kfvlQ\"]}]}<\/script>\n<!-- \/ Yoast SEO plugin. -->","yoast_head_json":{"title":"MISI\u00d3N - jupv aprender para ser mejores a.c.","robots":{"index":"index","follow":"follow","max-snippet":"max-snippet:-1","max-image-preview":"max-image-preview:large","max-video-preview":"max-video-preview:-1"},"canonical":"https:\/\/jupv.org\/?page_id=184","og_locale":"es_MX","og_type":"article","og_title":"MISI\u00d3N - jupv aprender para ser mejores a.c.","og_description":"Misi\u00f3n JUPV Formar j\u00f3venes lideres responsable, proactivos y comprometidos en la mejora de su entorno. \u00a0 \u00a0 \u00a0 \u00a0 \u00a0 \u00a0 \u00a0 \u00a0 \u00a0 \u00a0 \u00a0 \u00a0 \u00a0 \u00a0 \u00a0 \u00a0 \u00a0 \u00a0 \u00a0 \u00a0 \u00a0 \u00a0 \u00a0 \u00a0 \u00a0 [&hellip;]","og_url":"https:\/\/jupv.org\/?page_id=184","og_site_name":"jupv aprender para ser mejores a.c.","article_publisher":"https:\/\/www.facebook.com\/jupv.ac","article_modified_time":"2025-08-13T03:56:45+00:00","og_image":[{"width":1257,"height":876,"url":"https:\/\/jupv.org\/wp-content\/uploads\/2018\/11\/VISIONFOTO.jpg","type":"image\/jpeg"}],"twitter_card":"summary_large_image","twitter_site":"@jupv_AC","schema":{"@context":"https:\/\/schema.org","@graph":[{"@type":"WebPage","@id":"https:\/\/jupv.org\/?page_id=184","url":"https:\/\/jupv.org\/?page_id=184","name":"MISI\u00d3N - jupv aprender para ser mejores a.c.","isPartOf":{"@id":"https:\/\/jupv.org\/#website"},"primaryImageOfPage":{"@id":"https:\/\/jupv.org\/?page_id=184#primaryimage"},"image":{"@id":"https:\/\/jupv.org\/?page_id=184#primaryimage"},"thumbnailUrl":"https:\/\/jupv.org\/wp-content\/uploads\/2018\/11\/VISIONFOTO-300x209.jpg","datePublished":"2018-11-25T18:26:00+00:00","dateModified":"2025-08-13T03:56:45+00:00","breadcrumb":{"@id":"https:\/\/jupv.org\/?page_id=184#breadcrumb"},"inLanguage":"es","potentialAction":[{"@type":"ReadAction","target":["https:\/\/jupv.org\/?page_id=184"]}]},{"@type":"ImageObject","inLanguage":"es","@id":"https:\/\/jupv.org\/?page_id=184#primaryimage","url":"https:\/\/jupv.org\/wp-content\/uploads\/2018\/11\/VISIONFOTO.jpg","contentUrl":"https:\/\/jupv.org\/wp-content\/uploads\/2018\/11\/VISIONFOTO.jpg","width":1257,"height":876},{"@type":"BreadcrumbList","@id":"https:\/\/jupv.org\/?page_id=184#breadcrumb","itemListElement":[{"@type":"ListItem","position":1,"name":"Inicio","item":"https:\/\/jupv.org\/"},{"@type":"ListItem","position":2,"name":"MISI\u00d3N"}]},{"@type":"WebSite","@id":"https:\/\/jupv.org\/#website","url":"https:\/\/jupv.org\/","name":"jupv aprender para ser mejores a.c.","description":"Empoderando responsablemente a la juventud veracruzana","publisher":{"@id":"https:\/\/jupv.org\/#organization"},"potentialAction":[{"@type":"SearchAction","target":{"@type":"EntryPoint","urlTemplate":"https:\/\/jupv.org\/?s={search_term_string}"},"query-input":{"@type":"PropertyValueSpecification","valueRequired":true,"valueName":"search_term_string"}}],"inLanguage":"es"},{"@type":"Organization","@id":"https:\/\/jupv.org\/#organization","name":"JUPV APRENDER PARA SER MEJORES A.C.","url":"https:\/\/jupv.org\/","logo":{"@type":"ImageObject","inLanguage":"es","@id":"https:\/\/jupv.org\/#\/schema\/logo\/image\/","url":"https:\/\/jupv.org\/wp-content\/uploads\/2018\/11\/logoJUPV7-1.png","contentUrl":"https:\/\/jupv.org\/wp-content\/uploads\/2018\/11\/logoJUPV7-1.png","width":635,"height":599,"caption":"JUPV APRENDER PARA SER MEJORES A.C."},"image":{"@id":"https:\/\/jupv.org\/#\/schema\/logo\/image\/"},"sameAs":["https:\/\/www.facebook.com\/jupv.ac","https:\/\/x.com\/jupv_AC","https:\/\/www.instagram.com\/jupv_ac","https:\/\/www.youtube.com\/channel\/UC_vCBoKgn8ZbkP5mw-kfvlQ"]}]}},"_links":{"self":[{"href":"https:\/\/jupv.org\/index.php?rest_route=\/wp\/v2\/pages\/184","targetHints":{"allow":["GET"]}}],"collection":[{"href":"https:\/\/jupv.org\/index.php?rest_route=\/wp\/v2\/pages"}],"about":[{"href":"https:\/\/jupv.org\/index.php?rest_route=\/wp\/v2\/types\/page"}],"author":[{"embeddable":true,"href":"https:\/\/jupv.org\/index.php?rest_route=\/wp\/v2\/users\/1"}],"replies":[{"embeddable":true,"href":"https:\/\/jupv.org\/index.php?rest_route=%2Fwp%2Fv2%2Fcomments&post=184"}],"version-history":[{"count":12,"href":"https:\/\/jupv.org\/index.php?rest_route=\/wp\/v2\/pages\/184\/revisions"}],"predecessor-version":[{"id":1341,"href":"https:\/\/jupv.org\/index.php?rest_route=\/wp\/v2\/pages\/184\/revisions\/1341"}],"wp:attachment":[{"href":"https:\/\/jupv.org\/index.php?rest_route=%2Fwp%2Fv2%2Fmedia&parent=184"}],"curies":[{"name":"wp","href":"https:\/\/api.w.org\/{rel}","templated":true}]}}