{"id":147,"date":"2018-11-21T23:19:26","date_gmt":"2018-11-22T05:19:26","guid":{"rendered":"http:\/\/jupv.org\/?page_id=147"},"modified":"2026-01-13T20:14:10","modified_gmt":"2026-01-14T02:14:10","slug":"colabora","status":"publish","type":"page","link":"https:\/\/jupv.org\/?page_id=147","title":{"rendered":"COLABORA"},"content":{"rendered":"<h2>VOLUNTARIOS<\/h2>\n<p>En JUPV a.c. creemos que un voluntario es aquel joven interesado por el bienestar de su entorno social. Un voluntario sabe que el inter\u00e9s por realizar labores que enriquezcan y potencien a los j\u00f3venes es de suma importancia para el desarrollo del pa\u00eds. El trabajo voluntario no tiene remuneraci\u00f3n econ\u00f3mica, nace de un inter\u00e9s propio y responde a una satisfacci\u00f3n. Buscamos voluntarios responsables que se comprometan de manera amplia con los proyectos de la organizaci\u00f3n.<\/p>\n<p>Puedes formar parte de los voluntarios JUPV, sin importar cu\u00e1nto tiempo puedas dedicarle o cu\u00e1les sean las \u00e1reas, actividades o proyectos en las que quieras participar, siempre y cuando tu compromiso sea claro y constante.<\/p>\n<p>Si deseas colaborar con nuestra organizaci\u00f3n, no dudes en llenar el formulario de registro<\/p>\n<p><a href=\"https:\/\/docs.google.com\/forms\/d\/e\/1FAIpQLSfF-eqRm1Jc7bfjw63kgKTAlU1DxD1Ner98ijWSGPFv5epA5A\/viewform?usp=sf_link\">ir a formulario de registro<\/a><\/p>\n<p>\t\t\t\t\t\t\t\t\t\t\t\t\t\t\t<img fetchpriority=\"high\" decoding=\"async\" width=\"640\" height=\"480\" src=\"https:\/\/jupv.org\/wp-content\/uploads\/2021\/01\/24L.jpg\" alt=\"\" srcset=\"https:\/\/jupv.org\/wp-content\/uploads\/2021\/01\/24L.jpg 960w, https:\/\/jupv.org\/wp-content\/uploads\/2021\/01\/24L-416x312.jpg 416w, https:\/\/jupv.org\/wp-content\/uploads\/2021\/01\/24L-300x225.jpg 300w, https:\/\/jupv.org\/wp-content\/uploads\/2021\/01\/24L-768x576.jpg 768w, https:\/\/jupv.org\/wp-content\/uploads\/2021\/01\/24L-360x270.jpg 360w\" sizes=\"(max-width: 640px) 100vw, 640px\" \/>\t\t\t\t\t\t\t\t\t\t\t\t\t\t\t<\/p>\n<h2>SERVICIO SOCIAL Y PR\u00c1CTICAS PROFESIONALES<\/h2>\n<p>\u00bfTe interesa liberar tu servicio social o tener experiencia en una organizaci\u00f3n que maneja temas de juventud? JUPV Aprender para ser mejores A.C. tiene convenios con diferentes instituciones y universidades para que puedas hacerlo. Si el convenio a\u00fan no existe, ay\u00fadanos a realizarlo.<\/p>\n<p><strong>Perfil<\/strong>: Estudiantes de bachillerato o licenciatura, no importa la carrera o especialidad, todos son importantes para generar un cambio verdadero, no dudes en escribirnos a contacto@jupv.org\u00a0estamos seguros de que juntos encontraremos un plan de trabajo.<\/p>\n<p>Busca en nuestra p\u00e1gina de Facebook la convocatoria de Servicio Social y Pr\u00e1cticas Profesionales. <a href=\"https:\/\/www.facebook.com\/jupv.ac\/\"><img decoding=\"async\" src=\"https:\/\/jupv.org\/wp-content\/uploads\/2021\/01\/LogoFace-150x150.jpg\" alt=\"\" width=\"24\" height=\"24\" \/><\/a><\/p>\n<p>\t\t\t\t\t\t\t\t\t\t\t\t\t\t\t<img decoding=\"async\" width=\"640\" height=\"480\" src=\"https:\/\/jupv.org\/wp-content\/uploads\/2021\/01\/b222671b-927e-4156-9e7d-25e00a8ce24e-1024x768.jpg\" alt=\"\" srcset=\"https:\/\/jupv.org\/wp-content\/uploads\/2021\/01\/b222671b-927e-4156-9e7d-25e00a8ce24e-1024x768.jpg 1024w, https:\/\/jupv.org\/wp-content\/uploads\/2021\/01\/b222671b-927e-4156-9e7d-25e00a8ce24e-416x312.jpg 416w, https:\/\/jupv.org\/wp-content\/uploads\/2021\/01\/b222671b-927e-4156-9e7d-25e00a8ce24e-300x225.jpg 300w, https:\/\/jupv.org\/wp-content\/uploads\/2021\/01\/b222671b-927e-4156-9e7d-25e00a8ce24e-768x576.jpg 768w, https:\/\/jupv.org\/wp-content\/uploads\/2021\/01\/b222671b-927e-4156-9e7d-25e00a8ce24e-360x270.jpg 360w, https:\/\/jupv.org\/wp-content\/uploads\/2021\/01\/b222671b-927e-4156-9e7d-25e00a8ce24e.jpg 1280w\" sizes=\"(max-width: 640px) 100vw, 640px\" \/>\t\t\t\t\t\t\t\t\t\t\t\t\t\t\t<\/p>\n<h2>TRABAJA CON NOSOTROS<\/h2>\n<p>\u00a1\u00danete a nuestro equipo y cambiemos a Veracruz!<\/p>\n<p>Visual\u00edzate aportando tu talento para impulsar a los j\u00f3venes<\/p>\n<ul>\n<li>Tenemos la mejor causa<\/li>\n<\/ul>\n<p>\u00bfQui\u00e9n mejor que un grupo de j\u00f3venes para generar propuestas a favor de la juventud? En JUPV Aprender para ser mejores A.C., tomamos este reto y lo volvimos nuestra raz\u00f3n de ser.<\/p>\n<ul>\n<li>Trabajamos con pasi\u00f3n<\/li>\n<\/ul>\n<p>Creemos en lo que hacemos y sabemos que nuestra vocaci\u00f3n de mejorar nuestro pa\u00eds se traduce en un gran compromiso con los j\u00f3venes. Nada nos detiene para alcanzar nuestros sue\u00f1os.<\/p>\n<ul>\n<li>Llega tan lejos como quieras<\/li>\n<\/ul>\n<p>Como nuestro colaborador, queremos que tus ideas aporten a volvernos cada vez mejores en lo que hacemos. Con nosotros, el universo es el l\u00edmite.<\/p>\n<p>Si est\u00e1s interesado en formar parte de nuestro\u00a0equipo de trabajo, manda tu C.V. (m\u00e1ximo dos cuartillas, en formato .pdf), acompa\u00f1ado\u00a0de una carta intenci\u00f3n a\u00a0contacto@jupv.org<\/p>\n<p>Contactaremos candidatos de acuerdo con\u00a0nuestras necesidades de crecimiento organizacional.<\/p>\n<p>\t\t\t\t\t\t\t\t\t\t\t\t\t\t\t<img loading=\"lazy\" decoding=\"async\" width=\"640\" height=\"853\" src=\"https:\/\/jupv.org\/wp-content\/uploads\/2021\/01\/84282894_1043482116027364_2810285440660144128_n.jpg\" alt=\"\" srcset=\"https:\/\/jupv.org\/wp-content\/uploads\/2021\/01\/84282894_1043482116027364_2810285440660144128_n.jpg 720w, https:\/\/jupv.org\/wp-content\/uploads\/2021\/01\/84282894_1043482116027364_2810285440660144128_n-416x555.jpg 416w, https:\/\/jupv.org\/wp-content\/uploads\/2021\/01\/84282894_1043482116027364_2810285440660144128_n-225x300.jpg 225w\" sizes=\"(max-width: 640px) 100vw, 640px\" \/><br \/>\n\t\t\t\t\t<a href=\"https:\/\/jupv.org\/?page_id=10\"><br \/>\n\t\t\t\t\t\t\t\t\tCONTACTANOS AQU\u00cd<br \/>\n\t\t\t\t\t<\/a><\/p>\n","protected":false},"excerpt":{"rendered":"<p>VOLUNTARIOS En JUPV a.c. creemos que un voluntario es aquel joven interesado por el bienestar de su entorno social. Un voluntario sabe que el inter\u00e9s por realizar labores que enriquezcan y potencien a los j\u00f3venes es de suma importancia para [&hellip;]<\/p>\n","protected":false},"author":1,"featured_media":313,"parent":0,"menu_order":0,"comment_status":"closed","ping_status":"closed","template":"","meta":{"footnotes":""},"class_list":["post-147","page","type-page","status-publish","has-post-thumbnail","hentry"],"yoast_head":"<!-- This site is optimized with the Yoast SEO plugin v27.4 - https:\/\/yoast.com\/product\/yoast-seo-wordpress\/ -->\n<title>COLABORA - jupv aprender para ser mejores a.c.<\/title>\n<meta name=\"robots\" content=\"index, follow, max-snippet:-1, max-image-preview:large, max-video-preview:-1\" \/>\n<link rel=\"canonical\" href=\"https:\/\/jupv.org\/?page_id=147\" \/>\n<meta property=\"og:locale\" content=\"es_MX\" \/>\n<meta property=\"og:type\" content=\"article\" \/>\n<meta property=\"og:title\" content=\"COLABORA - jupv aprender para ser mejores a.c.\" \/>\n<meta property=\"og:description\" content=\"VOLUNTARIOS En JUPV a.c. creemos que un voluntario es aquel joven interesado por el bienestar de su entorno social. Un voluntario sabe que el inter\u00e9s por realizar labores que enriquezcan y potencien a los j\u00f3venes es de suma importancia para [&hellip;]\" \/>\n<meta property=\"og:url\" content=\"https:\/\/jupv.org\/?page_id=147\" \/>\n<meta property=\"og:site_name\" content=\"jupv aprender para ser mejores a.c.\" \/>\n<meta property=\"article:publisher\" content=\"https:\/\/www.facebook.com\/jupv.ac\" \/>\n<meta property=\"article:modified_time\" content=\"2026-01-14T02:14:10+00:00\" \/>\n<meta property=\"og:image\" content=\"https:\/\/jupv.org\/wp-content\/uploads\/2018\/11\/COLABORA.jpg\" \/>\n\t<meta property=\"og:image:width\" content=\"911\" \/>\n\t<meta property=\"og:image:height\" content=\"492\" \/>\n\t<meta property=\"og:image:type\" content=\"image\/jpeg\" \/>\n<meta name=\"twitter:card\" content=\"summary_large_image\" \/>\n<meta name=\"twitter:site\" content=\"@jupv_AC\" \/>\n<meta name=\"twitter:label1\" content=\"Tiempo de lectura\" \/>\n\t<meta name=\"twitter:data1\" content=\"3 minutos\" \/>\n<script type=\"application\/ld+json\" class=\"yoast-schema-graph\">{\"@context\":\"https:\\\/\\\/schema.org\",\"@graph\":[{\"@type\":\"WebPage\",\"@id\":\"https:\\\/\\\/jupv.org\\\/?page_id=147\",\"url\":\"https:\\\/\\\/jupv.org\\\/?page_id=147\",\"name\":\"COLABORA - jupv aprender para ser mejores a.c.\",\"isPartOf\":{\"@id\":\"https:\\\/\\\/jupv.org\\\/#website\"},\"primaryImageOfPage\":{\"@id\":\"https:\\\/\\\/jupv.org\\\/?page_id=147#primaryimage\"},\"image\":{\"@id\":\"https:\\\/\\\/jupv.org\\\/?page_id=147#primaryimage\"},\"thumbnailUrl\":\"https:\\\/\\\/jupv.org\\\/wp-content\\\/uploads\\\/2018\\\/11\\\/COLABORA.jpg\",\"datePublished\":\"2018-11-22T05:19:26+00:00\",\"dateModified\":\"2026-01-14T02:14:10+00:00\",\"breadcrumb\":{\"@id\":\"https:\\\/\\\/jupv.org\\\/?page_id=147#breadcrumb\"},\"inLanguage\":\"es\",\"potentialAction\":[{\"@type\":\"ReadAction\",\"target\":[\"https:\\\/\\\/jupv.org\\\/?page_id=147\"]}]},{\"@type\":\"ImageObject\",\"inLanguage\":\"es\",\"@id\":\"https:\\\/\\\/jupv.org\\\/?page_id=147#primaryimage\",\"url\":\"https:\\\/\\\/jupv.org\\\/wp-content\\\/uploads\\\/2018\\\/11\\\/COLABORA.jpg\",\"contentUrl\":\"https:\\\/\\\/jupv.org\\\/wp-content\\\/uploads\\\/2018\\\/11\\\/COLABORA.jpg\",\"width\":911,\"height\":492},{\"@type\":\"BreadcrumbList\",\"@id\":\"https:\\\/\\\/jupv.org\\\/?page_id=147#breadcrumb\",\"itemListElement\":[{\"@type\":\"ListItem\",\"position\":1,\"name\":\"Inicio\",\"item\":\"https:\\\/\\\/jupv.org\\\/\"},{\"@type\":\"ListItem\",\"position\":2,\"name\":\"COLABORA\"}]},{\"@type\":\"WebSite\",\"@id\":\"https:\\\/\\\/jupv.org\\\/#website\",\"url\":\"https:\\\/\\\/jupv.org\\\/\",\"name\":\"jupv aprender para ser mejores a.c.\",\"description\":\"Empoderando responsablemente a la juventud veracruzana\",\"publisher\":{\"@id\":\"https:\\\/\\\/jupv.org\\\/#organization\"},\"potentialAction\":[{\"@type\":\"SearchAction\",\"target\":{\"@type\":\"EntryPoint\",\"urlTemplate\":\"https:\\\/\\\/jupv.org\\\/?s={search_term_string}\"},\"query-input\":{\"@type\":\"PropertyValueSpecification\",\"valueRequired\":true,\"valueName\":\"search_term_string\"}}],\"inLanguage\":\"es\"},{\"@type\":\"Organization\",\"@id\":\"https:\\\/\\\/jupv.org\\\/#organization\",\"name\":\"JUPV APRENDER PARA SER MEJORES A.C.\",\"url\":\"https:\\\/\\\/jupv.org\\\/\",\"logo\":{\"@type\":\"ImageObject\",\"inLanguage\":\"es\",\"@id\":\"https:\\\/\\\/jupv.org\\\/#\\\/schema\\\/logo\\\/image\\\/\",\"url\":\"https:\\\/\\\/jupv.org\\\/wp-content\\\/uploads\\\/2018\\\/11\\\/logoJUPV7-1.png\",\"contentUrl\":\"https:\\\/\\\/jupv.org\\\/wp-content\\\/uploads\\\/2018\\\/11\\\/logoJUPV7-1.png\",\"width\":635,\"height\":599,\"caption\":\"JUPV APRENDER PARA SER MEJORES A.C.\"},\"image\":{\"@id\":\"https:\\\/\\\/jupv.org\\\/#\\\/schema\\\/logo\\\/image\\\/\"},\"sameAs\":[\"https:\\\/\\\/www.facebook.com\\\/jupv.ac\",\"https:\\\/\\\/x.com\\\/jupv_AC\",\"https:\\\/\\\/www.instagram.com\\\/jupv_ac\",\"https:\\\/\\\/www.youtube.com\\\/channel\\\/UC_vCBoKgn8ZbkP5mw-kfvlQ\"]}]}<\/script>\n<!-- \/ Yoast SEO plugin. -->","yoast_head_json":{"title":"COLABORA - jupv aprender para ser mejores a.c.","robots":{"index":"index","follow":"follow","max-snippet":"max-snippet:-1","max-image-preview":"max-image-preview:large","max-video-preview":"max-video-preview:-1"},"canonical":"https:\/\/jupv.org\/?page_id=147","og_locale":"es_MX","og_type":"article","og_title":"COLABORA - jupv aprender para ser mejores a.c.","og_description":"VOLUNTARIOS En JUPV a.c. creemos que un voluntario es aquel joven interesado por el bienestar de su entorno social. Un voluntario sabe que el inter\u00e9s por realizar labores que enriquezcan y potencien a los j\u00f3venes es de suma importancia para [&hellip;]","og_url":"https:\/\/jupv.org\/?page_id=147","og_site_name":"jupv aprender para ser mejores a.c.","article_publisher":"https:\/\/www.facebook.com\/jupv.ac","article_modified_time":"2026-01-14T02:14:10+00:00","og_image":[{"width":911,"height":492,"url":"https:\/\/jupv.org\/wp-content\/uploads\/2018\/11\/COLABORA.jpg","type":"image\/jpeg"}],"twitter_card":"summary_large_image","twitter_site":"@jupv_AC","twitter_misc":{"Tiempo de lectura":"3 minutos"},"schema":{"@context":"https:\/\/schema.org","@graph":[{"@type":"WebPage","@id":"https:\/\/jupv.org\/?page_id=147","url":"https:\/\/jupv.org\/?page_id=147","name":"COLABORA - jupv aprender para ser mejores a.c.","isPartOf":{"@id":"https:\/\/jupv.org\/#website"},"primaryImageOfPage":{"@id":"https:\/\/jupv.org\/?page_id=147#primaryimage"},"image":{"@id":"https:\/\/jupv.org\/?page_id=147#primaryimage"},"thumbnailUrl":"https:\/\/jupv.org\/wp-content\/uploads\/2018\/11\/COLABORA.jpg","datePublished":"2018-11-22T05:19:26+00:00","dateModified":"2026-01-14T02:14:10+00:00","breadcrumb":{"@id":"https:\/\/jupv.org\/?page_id=147#breadcrumb"},"inLanguage":"es","potentialAction":[{"@type":"ReadAction","target":["https:\/\/jupv.org\/?page_id=147"]}]},{"@type":"ImageObject","inLanguage":"es","@id":"https:\/\/jupv.org\/?page_id=147#primaryimage","url":"https:\/\/jupv.org\/wp-content\/uploads\/2018\/11\/COLABORA.jpg","contentUrl":"https:\/\/jupv.org\/wp-content\/uploads\/2018\/11\/COLABORA.jpg","width":911,"height":492},{"@type":"BreadcrumbList","@id":"https:\/\/jupv.org\/?page_id=147#breadcrumb","itemListElement":[{"@type":"ListItem","position":1,"name":"Inicio","item":"https:\/\/jupv.org\/"},{"@type":"ListItem","position":2,"name":"COLABORA"}]},{"@type":"WebSite","@id":"https:\/\/jupv.org\/#website","url":"https:\/\/jupv.org\/","name":"jupv aprender para ser mejores a.c.","description":"Empoderando responsablemente a la juventud veracruzana","publisher":{"@id":"https:\/\/jupv.org\/#organization"},"potentialAction":[{"@type":"SearchAction","target":{"@type":"EntryPoint","urlTemplate":"https:\/\/jupv.org\/?s={search_term_string}"},"query-input":{"@type":"PropertyValueSpecification","valueRequired":true,"valueName":"search_term_string"}}],"inLanguage":"es"},{"@type":"Organization","@id":"https:\/\/jupv.org\/#organization","name":"JUPV APRENDER PARA SER MEJORES A.C.","url":"https:\/\/jupv.org\/","logo":{"@type":"ImageObject","inLanguage":"es","@id":"https:\/\/jupv.org\/#\/schema\/logo\/image\/","url":"https:\/\/jupv.org\/wp-content\/uploads\/2018\/11\/logoJUPV7-1.png","contentUrl":"https:\/\/jupv.org\/wp-content\/uploads\/2018\/11\/logoJUPV7-1.png","width":635,"height":599,"caption":"JUPV APRENDER PARA SER MEJORES A.C."},"image":{"@id":"https:\/\/jupv.org\/#\/schema\/logo\/image\/"},"sameAs":["https:\/\/www.facebook.com\/jupv.ac","https:\/\/x.com\/jupv_AC","https:\/\/www.instagram.com\/jupv_ac","https:\/\/www.youtube.com\/channel\/UC_vCBoKgn8ZbkP5mw-kfvlQ"]}]}},"_links":{"self":[{"href":"https:\/\/jupv.org\/index.php?rest_route=\/wp\/v2\/pages\/147","targetHints":{"allow":["GET"]}}],"collection":[{"href":"https:\/\/jupv.org\/index.php?rest_route=\/wp\/v2\/pages"}],"about":[{"href":"https:\/\/jupv.org\/index.php?rest_route=\/wp\/v2\/types\/page"}],"author":[{"embeddable":true,"href":"https:\/\/jupv.org\/index.php?rest_route=\/wp\/v2\/users\/1"}],"replies":[{"embeddable":true,"href":"https:\/\/jupv.org\/index.php?rest_route=%2Fwp%2Fv2%2Fcomments&post=147"}],"version-history":[{"count":24,"href":"https:\/\/jupv.org\/index.php?rest_route=\/wp\/v2\/pages\/147\/revisions"}],"predecessor-version":[{"id":1345,"href":"https:\/\/jupv.org\/index.php?rest_route=\/wp\/v2\/pages\/147\/revisions\/1345"}],"wp:featuredmedia":[{"embeddable":true,"href":"https:\/\/jupv.org\/index.php?rest_route=\/wp\/v2\/media\/313"}],"wp:attachment":[{"href":"https:\/\/jupv.org\/index.php?rest_route=%2Fwp%2Fv2%2Fmedia&parent=147"}],"curies":[{"name":"wp","href":"https:\/\/api.w.org\/{rel}","templated":true}]}}